{"id":4510,"date":"2020-02-14T10:46:40","date_gmt":"2020-02-14T10:46:40","guid":{"rendered":"https:\/\/www.star-pack.fr\/produit\/pay-to-star-pack\/"},"modified":"2020-05-04T07:40:50","modified_gmt":"2020-05-04T07:40:50","slug":"pay-to-star-pack","status":"publish","type":"product","link":"https:\/\/www.star-pack.fr\/en\/product\/pay-to-star-pack\/","title":{"rendered":"Pay to Star-Pack"},"content":{"rendered":"<p>If you wish to pay an amount to Star-Pack using your credit card or Paypal account, please click on the &#8220;<strong>\u00a0Pay\u00a0<\/strong>&#8221; button, in the following form indicate the amount you wish to pay and proceed at payment.<\/p>\n<p>Si vous d\u00e9sirez payer une somme \u00e0 Star-Pack gr\u00e2ce \u00e0 votre carte de cr\u00e9dit ou votre compte Paypal, veuillez cliquer sur le bouton &#8220;<strong>Payer<\/strong>&#8220;, dans le formulaire suivant indiquer la somme que vous d\u00e9sirez verser et proc\u00e9dez au paiement.<\/p>\n<p><input alt=\"PayPal, le r\u00e9flexe s\u00e9curit\u00e9 pour payer en ligne\" name=\"submit\" src=\"https:\/\/www.paypalobjects.com\/fr_FR\/FR\/i\/btn\/btn_paynowCC_LG.gif\" type=\"image\" \/><\/p>\n<form action=\"https:\/\/www.paypal.com\/cgi-bin\/webscr\" method=\"post\" target=\"_top\"><img decoding=\"async\" src=\"https:\/\/www.paypalobjects.com\/fr_FR\/i\/scr\/pixel.gif\" alt=\"\" width=\"1\" height=\"1\" border=\"0\" \/><\/p>\n<\/form>\n","protected":false},"excerpt":{"rendered":"<p>If you wish to pay an amount to Star-Pack using your credit card or Paypal account, please click on the &#8220;\u00a0Pay\u00a0&#8221; button, in the following form indicate the amount you wish to pay and proceed at payment. Si vous d\u00e9sirez payer une somme \u00e0 Star-Pack gr\u00e2ce \u00e0 votre carte de cr\u00e9dit ou votre compte Paypal, [&hellip;]<\/p>\n","protected":false},"featured_media":4474,"template":"","meta":[],"product_brand":[],"product_cat":[254],"product_tag":[],"class_list":{"0":"post-4510","1":"product","2":"type-product","3":"status-publish","4":"has-post-thumbnail","6":"product_cat-promotions","7":"wpbf-post","10":"instock","11":"taxable","12":"shipping-taxable","13":"product-type-simple"},"acf":[],"yoast_head":"<!-- This site is optimized with the Yoast SEO plugin v27.3 - https:\/\/yoast.com\/product\/yoast-seo-wordpress\/ -->\n<title>Pay to Star-Pack | Star Pack<\/title>\n<meta name=\"description\" content=\"Online payment to Star-Pack. Star-Pack, 40 chemin de G\u00e9rocourt, ZI du Coudrier FR-95650 Boissy l&#039;Aillerie.\" \/>\n<meta name=\"robots\" content=\"index, follow, max-snippet:-1, max-image-preview:large, max-video-preview:-1\" \/>\n<link rel=\"canonical\" href=\"https:\/\/www.star-pack.fr\/en\/product\/pay-to-star-pack\/\" \/>\n<meta property=\"og:locale\" content=\"en_US\" \/>\n<meta property=\"og:type\" content=\"article\" \/>\n<meta property=\"og:title\" content=\"Pay to Star-Pack | Star Pack\" \/>\n<meta property=\"og:description\" content=\"Online payment to Star-Pack. Star-Pack, 40 chemin de G\u00e9rocourt, ZI du Coudrier FR-95650 Boissy l&#039;Aillerie.\" \/>\n<meta property=\"og:url\" content=\"https:\/\/www.star-pack.fr\/en\/product\/pay-to-star-pack\/\" \/>\n<meta property=\"og:site_name\" content=\"Star Pack\" \/>\n<meta property=\"article:publisher\" content=\"https:\/\/www.facebook.com\/starpackemballages\/\" \/>\n<meta property=\"article:modified_time\" content=\"2020-05-04T07:40:50+00:00\" \/>\n<meta property=\"og:image\" content=\"https:\/\/www.star-pack.fr\/wp-content\/uploads\/2020\/02\/paiement-euro.jpg\" \/>\n\t<meta property=\"og:image:width\" content=\"800\" \/>\n\t<meta property=\"og:image:height\" content=\"450\" \/>\n\t<meta property=\"og:image:type\" content=\"image\/jpeg\" \/>\n<meta name=\"twitter:card\" content=\"summary_large_image\" \/>\n<script type=\"application\/ld+json\" class=\"yoast-schema-graph\">{\"@context\":\"https:\\\/\\\/schema.org\",\"@graph\":[{\"@type\":\"WebPage\",\"@id\":\"https:\\\/\\\/www.star-pack.fr\\\/en\\\/product\\\/pay-to-star-pack\\\/\",\"url\":\"https:\\\/\\\/www.star-pack.fr\\\/en\\\/product\\\/pay-to-star-pack\\\/\",\"name\":\"Pay to Star-Pack | Star Pack\",\"isPartOf\":{\"@id\":\"https:\\\/\\\/www.star-pack.fr\\\/en\\\/#website\"},\"primaryImageOfPage\":{\"@id\":\"https:\\\/\\\/www.star-pack.fr\\\/en\\\/product\\\/pay-to-star-pack\\\/#primaryimage\"},\"image\":{\"@id\":\"https:\\\/\\\/www.star-pack.fr\\\/en\\\/product\\\/pay-to-star-pack\\\/#primaryimage\"},\"thumbnailUrl\":\"https:\\\/\\\/www.star-pack.fr\\\/wp-content\\\/uploads\\\/2020\\\/02\\\/paiement-euro.jpg\",\"datePublished\":\"2020-02-14T10:46:40+00:00\",\"dateModified\":\"2020-05-04T07:40:50+00:00\",\"description\":\"Online payment to Star-Pack. Star-Pack, 40 chemin de G\u00e9rocourt, ZI du Coudrier FR-95650 Boissy l'Aillerie.\",\"breadcrumb\":{\"@id\":\"https:\\\/\\\/www.star-pack.fr\\\/en\\\/product\\\/pay-to-star-pack\\\/#breadcrumb\"},\"inLanguage\":\"en-US\",\"potentialAction\":[{\"@type\":\"ReadAction\",\"target\":[\"https:\\\/\\\/www.star-pack.fr\\\/en\\\/product\\\/pay-to-star-pack\\\/\"]}]},{\"@type\":\"ImageObject\",\"inLanguage\":\"en-US\",\"@id\":\"https:\\\/\\\/www.star-pack.fr\\\/en\\\/product\\\/pay-to-star-pack\\\/#primaryimage\",\"url\":\"https:\\\/\\\/www.star-pack.fr\\\/wp-content\\\/uploads\\\/2020\\\/02\\\/paiement-euro.jpg\",\"contentUrl\":\"https:\\\/\\\/www.star-pack.fr\\\/wp-content\\\/uploads\\\/2020\\\/02\\\/paiement-euro.jpg\",\"width\":800,\"height\":450},{\"@type\":\"BreadcrumbList\",\"@id\":\"https:\\\/\\\/www.star-pack.fr\\\/en\\\/product\\\/pay-to-star-pack\\\/#breadcrumb\",\"itemListElement\":[{\"@type\":\"ListItem\",\"position\":1,\"name\":\"Accueil\",\"item\":\"https:\\\/\\\/www.star-pack.fr\\\/en\\\/\"},{\"@type\":\"ListItem\",\"position\":2,\"name\":\"Nos produits\",\"item\":\"https:\\\/\\\/www.star-pack.fr\\\/nos-produits\\\/\"},{\"@type\":\"ListItem\",\"position\":3,\"name\":\"Pay to Star-Pack\"}]},{\"@type\":\"WebSite\",\"@id\":\"https:\\\/\\\/www.star-pack.fr\\\/en\\\/#website\",\"url\":\"https:\\\/\\\/www.star-pack.fr\\\/en\\\/\",\"name\":\"Star-Pack\",\"description\":\"Emballages\",\"publisher\":{\"@id\":\"https:\\\/\\\/www.star-pack.fr\\\/en\\\/#organization\"},\"potentialAction\":[{\"@type\":\"SearchAction\",\"target\":{\"@type\":\"EntryPoint\",\"urlTemplate\":\"https:\\\/\\\/www.star-pack.fr\\\/en\\\/?s={search_term_string}\"},\"query-input\":{\"@type\":\"PropertyValueSpecification\",\"valueRequired\":true,\"valueName\":\"search_term_string\"}}],\"inLanguage\":\"en-US\"},{\"@type\":\"Organization\",\"@id\":\"https:\\\/\\\/www.star-pack.fr\\\/en\\\/#organization\",\"name\":\"STAR-PACK\",\"url\":\"https:\\\/\\\/www.star-pack.fr\\\/en\\\/\",\"logo\":{\"@type\":\"ImageObject\",\"inLanguage\":\"en-US\",\"@id\":\"https:\\\/\\\/www.star-pack.fr\\\/en\\\/#\\\/schema\\\/logo\\\/image\\\/\",\"url\":\"https:\\\/\\\/www.star-pack.fr\\\/wp-content\\\/uploads\\\/2019\\\/08\\\/logo_starpac_commande-02.png\",\"contentUrl\":\"https:\\\/\\\/www.star-pack.fr\\\/wp-content\\\/uploads\\\/2019\\\/08\\\/logo_starpac_commande-02.png\",\"width\":322,\"height\":60,\"caption\":\"STAR-PACK\"},\"image\":{\"@id\":\"https:\\\/\\\/www.star-pack.fr\\\/en\\\/#\\\/schema\\\/logo\\\/image\\\/\"},\"sameAs\":[\"https:\\\/\\\/www.facebook.com\\\/starpackemballages\\\/\",\"https:\\\/\\\/www.youtube.com\\\/channel\\\/UCTeINyvJaPaFmEtwEimSI6A\"]}]}<\/script>\n<!-- \/ Yoast SEO plugin. -->","yoast_head_json":{"title":"Pay to Star-Pack | Star Pack","description":"Online payment to Star-Pack. Star-Pack, 40 chemin de G\u00e9rocourt, ZI du Coudrier FR-95650 Boissy l'Aillerie.","robots":{"index":"index","follow":"follow","max-snippet":"max-snippet:-1","max-image-preview":"max-image-preview:large","max-video-preview":"max-video-preview:-1"},"canonical":"https:\/\/www.star-pack.fr\/en\/product\/pay-to-star-pack\/","og_locale":"en_US","og_type":"article","og_title":"Pay to Star-Pack | Star Pack","og_description":"Online payment to Star-Pack. Star-Pack, 40 chemin de G\u00e9rocourt, ZI du Coudrier FR-95650 Boissy l'Aillerie.","og_url":"https:\/\/www.star-pack.fr\/en\/product\/pay-to-star-pack\/","og_site_name":"Star Pack","article_publisher":"https:\/\/www.facebook.com\/starpackemballages\/","article_modified_time":"2020-05-04T07:40:50+00:00","og_image":[{"width":800,"height":450,"url":"https:\/\/www.star-pack.fr\/wp-content\/uploads\/2020\/02\/paiement-euro.jpg","type":"image\/jpeg"}],"twitter_card":"summary_large_image","schema":{"@context":"https:\/\/schema.org","@graph":[{"@type":"WebPage","@id":"https:\/\/www.star-pack.fr\/en\/product\/pay-to-star-pack\/","url":"https:\/\/www.star-pack.fr\/en\/product\/pay-to-star-pack\/","name":"Pay to Star-Pack | Star Pack","isPartOf":{"@id":"https:\/\/www.star-pack.fr\/en\/#website"},"primaryImageOfPage":{"@id":"https:\/\/www.star-pack.fr\/en\/product\/pay-to-star-pack\/#primaryimage"},"image":{"@id":"https:\/\/www.star-pack.fr\/en\/product\/pay-to-star-pack\/#primaryimage"},"thumbnailUrl":"https:\/\/www.star-pack.fr\/wp-content\/uploads\/2020\/02\/paiement-euro.jpg","datePublished":"2020-02-14T10:46:40+00:00","dateModified":"2020-05-04T07:40:50+00:00","description":"Online payment to Star-Pack. Star-Pack, 40 chemin de G\u00e9rocourt, ZI du Coudrier FR-95650 Boissy l'Aillerie.","breadcrumb":{"@id":"https:\/\/www.star-pack.fr\/en\/product\/pay-to-star-pack\/#breadcrumb"},"inLanguage":"en-US","potentialAction":[{"@type":"ReadAction","target":["https:\/\/www.star-pack.fr\/en\/product\/pay-to-star-pack\/"]}]},{"@type":"ImageObject","inLanguage":"en-US","@id":"https:\/\/www.star-pack.fr\/en\/product\/pay-to-star-pack\/#primaryimage","url":"https:\/\/www.star-pack.fr\/wp-content\/uploads\/2020\/02\/paiement-euro.jpg","contentUrl":"https:\/\/www.star-pack.fr\/wp-content\/uploads\/2020\/02\/paiement-euro.jpg","width":800,"height":450},{"@type":"BreadcrumbList","@id":"https:\/\/www.star-pack.fr\/en\/product\/pay-to-star-pack\/#breadcrumb","itemListElement":[{"@type":"ListItem","position":1,"name":"Accueil","item":"https:\/\/www.star-pack.fr\/en\/"},{"@type":"ListItem","position":2,"name":"Nos produits","item":"https:\/\/www.star-pack.fr\/nos-produits\/"},{"@type":"ListItem","position":3,"name":"Pay to Star-Pack"}]},{"@type":"WebSite","@id":"https:\/\/www.star-pack.fr\/en\/#website","url":"https:\/\/www.star-pack.fr\/en\/","name":"Star-Pack","description":"Emballages","publisher":{"@id":"https:\/\/www.star-pack.fr\/en\/#organization"},"potentialAction":[{"@type":"SearchAction","target":{"@type":"EntryPoint","urlTemplate":"https:\/\/www.star-pack.fr\/en\/?s={search_term_string}"},"query-input":{"@type":"PropertyValueSpecification","valueRequired":true,"valueName":"search_term_string"}}],"inLanguage":"en-US"},{"@type":"Organization","@id":"https:\/\/www.star-pack.fr\/en\/#organization","name":"STAR-PACK","url":"https:\/\/www.star-pack.fr\/en\/","logo":{"@type":"ImageObject","inLanguage":"en-US","@id":"https:\/\/www.star-pack.fr\/en\/#\/schema\/logo\/image\/","url":"https:\/\/www.star-pack.fr\/wp-content\/uploads\/2019\/08\/logo_starpac_commande-02.png","contentUrl":"https:\/\/www.star-pack.fr\/wp-content\/uploads\/2019\/08\/logo_starpac_commande-02.png","width":322,"height":60,"caption":"STAR-PACK"},"image":{"@id":"https:\/\/www.star-pack.fr\/en\/#\/schema\/logo\/image\/"},"sameAs":["https:\/\/www.facebook.com\/starpackemballages\/","https:\/\/www.youtube.com\/channel\/UCTeINyvJaPaFmEtwEimSI6A"]}]}},"_links":{"self":[{"href":"https:\/\/www.star-pack.fr\/en\/wp-json\/wp\/v2\/product\/4510","targetHints":{"allow":["GET"]}}],"collection":[{"href":"https:\/\/www.star-pack.fr\/en\/wp-json\/wp\/v2\/product"}],"about":[{"href":"https:\/\/www.star-pack.fr\/en\/wp-json\/wp\/v2\/types\/product"}],"version-history":[{"count":1,"href":"https:\/\/www.star-pack.fr\/en\/wp-json\/wp\/v2\/product\/4510\/revisions"}],"predecessor-version":[{"id":4969,"href":"https:\/\/www.star-pack.fr\/en\/wp-json\/wp\/v2\/product\/4510\/revisions\/4969"}],"wp:featuredmedia":[{"embeddable":true,"href":"https:\/\/www.star-pack.fr\/en\/wp-json\/wp\/v2\/media\/4474"}],"wp:attachment":[{"href":"https:\/\/www.star-pack.fr\/en\/wp-json\/wp\/v2\/media?parent=4510"}],"wp:term":[{"taxonomy":"product_brand","embeddable":true,"href":"https:\/\/www.star-pack.fr\/en\/wp-json\/wp\/v2\/product_brand?post=4510"},{"taxonomy":"product_cat","embeddable":true,"href":"https:\/\/www.star-pack.fr\/en\/wp-json\/wp\/v2\/product_cat?post=4510"},{"taxonomy":"product_tag","embeddable":true,"href":"https:\/\/www.star-pack.fr\/en\/wp-json\/wp\/v2\/product_tag?post=4510"}],"curies":[{"name":"wp","href":"https:\/\/api.w.org\/{rel}","templated":true}]}}